{"id":3590,"date":"2021-05-17T14:38:06","date_gmt":"2021-05-17T14:38:06","guid":{"rendered":"https:\/\/www.hotel-baia.it\/?page_id=3590"},"modified":"2021-07-04T12:20:56","modified_gmt":"2021-07-04T12:20:56","slug":"spiaggia-2","status":"publish","type":"page","link":"https:\/\/www.hotel-baia.it\/en\/spiaggia-2\/","title":{"rendered":"Spiaggia"},"content":{"rendered":"\t\t<div data-elementor-type=\"wp-page\" data-elementor-id=\"3590\" class=\"elementor elementor-3590\" data-elementor-settings=\"{&quot;ha_cmc_init_switcher&quot;:&quot;no&quot;}\" data-elementor-post-type=\"page\">\n\t\t\t\t\t\t<section class=\"elementor-section elementor-top-section elementor-element elementor-element-71626ea elementor-section-full_width elementor-section-height-min-height elementor-section-height-default elementor-section-items-middle\" data-id=\"71626ea\" data-element_type=\"section\" data-e-type=\"section\" data-settings=\"{&quot;background_background&quot;:&quot;classic&quot;,&quot;_ha_eqh_enable&quot;:false}\">\n\t\t\t\t\t\t<div class=\"elementor-container elementor-column-gap-default\">\n\t\t\t\t\t<div class=\"elementor-column elementor-col-100 elementor-top-column elementor-element elementor-element-2dcb204\" data-id=\"2dcb204\" data-element_type=\"column\" data-e-type=\"column\">\n\t\t\t<div class=\"elementor-widget-wrap\">\n\t\t\t\t\t\t\t<\/div>\n\t\t<\/div>\n\t\t\t\t\t<\/div>\n\t\t<\/section>\n\t\t\t\t<section class=\"elementor-section elementor-top-section elementor-element elementor-element-7c61505 elementor-section-boxed elementor-section-height-default elementor-section-height-default\" data-id=\"7c61505\" data-element_type=\"section\" data-e-type=\"section\" data-settings=\"{&quot;_ha_eqh_enable&quot;:false}\">\n\t\t\t\t\t\t<div class=\"elementor-container elementor-column-gap-default\">\n\t\t\t\t\t<div class=\"elementor-column elementor-col-100 elementor-top-column elementor-element elementor-element-4acdaff\" data-id=\"4acdaff\" data-element_type=\"column\" data-e-type=\"column\">\n\t\t\t<div class=\"elementor-widget-wrap elementor-element-populated\">\n\t\t\t\t\t\t<div class=\"elementor-element elementor-element-79cd469 elementor-widget elementor-widget-spacer\" data-id=\"79cd469\" data-element_type=\"widget\" data-e-type=\"widget\" data-widget_type=\"spacer.default\">\n\t\t\t\t<div class=\"elementor-widget-container\">\n\t\t\t\t\t\t\t<div class=\"elementor-spacer\">\n\t\t\t<div class=\"elementor-spacer-inner\"><\/div>\n\t\t<\/div>\n\t\t\t\t\t\t<\/div>\n\t\t\t\t<\/div>\n\t\t\t\t<section class=\"elementor-section elementor-inner-section elementor-element elementor-element-69262eb elementor-section-boxed elementor-section-height-default elementor-section-height-default\" data-id=\"69262eb\" data-element_type=\"section\" data-e-type=\"section\" data-settings=\"{&quot;_ha_eqh_enable&quot;:false}\">\n\t\t\t\t\t\t<div class=\"elementor-container elementor-column-gap-default\">\n\t\t\t\t\t<div class=\"elementor-column elementor-col-50 elementor-inner-column elementor-element elementor-element-6e22c8f\" data-id=\"6e22c8f\" data-element_type=\"column\" data-e-type=\"column\">\n\t\t\t<div class=\"elementor-widget-wrap elementor-element-populated\">\n\t\t\t\t\t\t<div class=\"elementor-element elementor-element-1a8dfe3 elementor-widget elementor-widget-image\" data-id=\"1a8dfe3\" data-element_type=\"widget\" data-e-type=\"widget\" data-widget_type=\"image.default\">\n\t\t\t\t<div class=\"elementor-widget-container\">\n\t\t\t\t\t\t\t\t\t\t\t\t\t\t\t<img fetchpriority=\"high\" decoding=\"async\" width=\"550\" height=\"412\" src=\"https:\/\/www.hotel-baia.it\/wp-content\/uploads\/2021\/05\/WhatsApp-Image-2021-05-17-at-17.27.44.jpeg\" class=\"attachment-full size-full wp-image-3624\" alt=\"\" srcset=\"https:\/\/www.hotel-baia.it\/wp-content\/uploads\/2021\/05\/WhatsApp-Image-2021-05-17-at-17.27.44.jpeg 550w, https:\/\/www.hotel-baia.it\/wp-content\/uploads\/2021\/05\/WhatsApp-Image-2021-05-17-at-17.27.44-300x225.jpeg 300w\" sizes=\"(max-width: 550px) 100vw, 550px\" \/>\t\t\t\t\t\t\t\t\t\t\t\t\t\t\t<\/div>\n\t\t\t\t<\/div>\n\t\t\t\t\t<\/div>\n\t\t<\/div>\n\t\t\t\t<div class=\"elementor-column elementor-col-50 elementor-inner-column elementor-element elementor-element-81af25e\" data-id=\"81af25e\" data-element_type=\"column\" data-e-type=\"column\">\n\t\t\t<div class=\"elementor-widget-wrap elementor-element-populated\">\n\t\t\t\t\t\t<div class=\"elementor-element elementor-element-b881184 elementor-widget elementor-widget-text-editor\" data-id=\"b881184\" data-element_type=\"widget\" data-e-type=\"widget\" data-widget_type=\"text-editor.default\">\n\t\t\t\t<div class=\"elementor-widget-container\">\n\t\t\t\t\t\t\t\t\t<p style=\"text-align: center;\">Risplende sotto il sole della famosissima spiaggia delle Saline, nell\u2019area del\u00a0<a href=\"http:\/\/www.cilentoediano.it\/\" target=\"_blank\" rel=\"noopener\">Parco Nazionale del Cilento<\/a> e del Vallo di Diano: Palinuro, da sempre meta ambita da turisti italiani e stranieri.<\/p><p style=\"text-align: center;\">La spiaggia lunghissima e dalla sabbia bianca e finissima \u00e8 a ridosso del mare cristallino della bellissima spiaggia delle Saline. Dalle prime ore della giornata il Sunset Beach Club accoglie i propri ospiti offrendo un servizio attento ed unico capace di rendere la tua vacanza un\u2019esperienza unica. Assisterete quotidianamente allo spettacolo naturale che vi lascer\u00e0 senza fiato: il Tramonto! A disposizione degli ospiti un\u2019ampia spiaggia attrezzata con lettini, sdraio ed ombrelloni di ultima generazione.Docce di acqua calda e fredda, spogliatoi, WC, lava piedi, sedia JOB per i diversamente abili, area rimessa giochi e materassini per bambini.<\/p><p style=\"text-align: center;\">A disposizione degli ospiti tante attivit\u00e0 sportive a contatto con una natura incontaminata: possibilit\u00e0 di giocare a bocce, noleggiare canoe, pedal\u00f2 e wind surf sono solo alcune delle attrattive del Sunset Beach Club.Angolo d\u2019ombra dove \u00e8 possibile gustare tipica cucina a Km 0, sorseggiando cocktails e drinks dal gusto tropicale, il tutto preparato dal nostro staff altamente qualificato. Aspettare il tramonto qui \u00e8 una esperienza unica e sicuramente indimenticabile.<\/p>\t\t\t\t\t\t\t\t<\/div>\n\t\t\t\t<\/div>\n\t\t\t\t\t<\/div>\n\t\t<\/div>\n\t\t\t\t\t<\/div>\n\t\t<\/section>\n\t\t\t\t<div class=\"elementor-element elementor-element-15e9e7e elementor-widget elementor-widget-spacer\" data-id=\"15e9e7e\" data-element_type=\"widget\" data-e-type=\"widget\" data-widget_type=\"spacer.default\">\n\t\t\t\t<div class=\"elementor-widget-container\">\n\t\t\t\t\t\t\t<div class=\"elementor-spacer\">\n\t\t\t<div class=\"elementor-spacer-inner\"><\/div>\n\t\t<\/div>\n\t\t\t\t\t\t<\/div>\n\t\t\t\t<\/div>\n\t\t\t\t\t<\/div>\n\t\t<\/div>\n\t\t\t\t\t<\/div>\n\t\t<\/section>\n\t\t\t\t<\/div>\n\t\t","protected":false},"excerpt":{"rendered":"<p>Risplende sotto il sole della famosissima spiaggia delle Saline, nell\u2019area del Parco Nazionale del Cilento e del Vallo di Diano: Palinuro, da sempre meta ambita da turisti italiani e stranieri. La spiaggia lunghissima e dalla sabbia bianca e finissima \u00e8 a ridosso del mare cristallino della bellissima spiaggia delle Saline. Dalle prime ore della giornata [&hellip;]<\/p>\n","protected":false},"author":4,"featured_media":0,"parent":0,"menu_order":0,"comment_status":"closed","ping_status":"closed","template":"elementor_header_footer","meta":{"ngg_post_thumbnail":0,"footnotes":""},"class_list":["post-3590","page","type-page","status-publish","hentry"],"yoast_head":"<!-- This site is optimized with the Yoast SEO plugin v27.5 - https:\/\/yoast.com\/product\/yoast-seo-wordpress\/ -->\n<title>Spiaggia - Hotel Baia Palinuro<\/title>\n<meta name=\"robots\" content=\"index, follow, max-snippet:-1, max-image-preview:large, max-video-preview:-1\" \/>\n<link rel=\"canonical\" href=\"https:\/\/www.hotel-baia.it\/spiaggia-2\/\" \/>\n<meta property=\"og:locale\" content=\"en_US\" \/>\n<meta property=\"og:type\" content=\"article\" \/>\n<meta property=\"og:title\" content=\"Spiaggia - Hotel Baia Palinuro\" \/>\n<meta property=\"og:description\" content=\"Risplende sotto il sole della famosissima spiaggia delle Saline, nell\u2019area del Parco Nazionale del Cilento e del Vallo di Diano: Palinuro, da sempre meta ambita da turisti italiani e stranieri. La spiaggia lunghissima e dalla sabbia bianca e finissima \u00e8 a ridosso del mare cristallino della bellissima spiaggia delle Saline. Dalle prime ore della giornata [&hellip;]\" \/>\n<meta property=\"og:url\" content=\"https:\/\/www.hotel-baia.it\/spiaggia-2\/\" \/>\n<meta property=\"og:site_name\" content=\"Hotel Baia Palinuro\" \/>\n<meta property=\"article:modified_time\" content=\"2021-07-04T12:20:56+00:00\" \/>\n<meta property=\"og:image\" content=\"https:\/\/www.hotel-baia.it\/wp-content\/uploads\/2021\/05\/WhatsApp-Image-2021-05-17-at-17.27.44.jpeg\" \/>\n<meta name=\"twitter:card\" content=\"summary_large_image\" \/>\n<meta name=\"twitter:label1\" content=\"Est. reading time\" \/>\n\t<meta name=\"twitter:data1\" content=\"2 minutes\" \/>\n<script type=\"application\/ld+json\" class=\"yoast-schema-graph\">{\"@context\":\"https:\\\/\\\/schema.org\",\"@graph\":[{\"@type\":\"WebPage\",\"@id\":\"https:\\\/\\\/www.hotel-baia.it\\\/spiaggia-2\\\/\",\"url\":\"https:\\\/\\\/www.hotel-baia.it\\\/spiaggia-2\\\/\",\"name\":\"Spiaggia - Hotel Baia Palinuro\",\"isPartOf\":{\"@id\":\"https:\\\/\\\/www.hotel-baia.it\\\/#website\"},\"primaryImageOfPage\":{\"@id\":\"https:\\\/\\\/www.hotel-baia.it\\\/spiaggia-2\\\/#primaryimage\"},\"image\":{\"@id\":\"https:\\\/\\\/www.hotel-baia.it\\\/spiaggia-2\\\/#primaryimage\"},\"thumbnailUrl\":\"https:\\\/\\\/www.hotel-baia.it\\\/wp-content\\\/uploads\\\/2021\\\/05\\\/WhatsApp-Image-2021-05-17-at-17.27.44.jpeg\",\"datePublished\":\"2021-05-17T14:38:06+00:00\",\"dateModified\":\"2021-07-04T12:20:56+00:00\",\"breadcrumb\":{\"@id\":\"https:\\\/\\\/www.hotel-baia.it\\\/spiaggia-2\\\/#breadcrumb\"},\"inLanguage\":\"en-US\",\"potentialAction\":[{\"@type\":\"ReadAction\",\"target\":[\"https:\\\/\\\/www.hotel-baia.it\\\/spiaggia-2\\\/\"]}]},{\"@type\":\"ImageObject\",\"inLanguage\":\"en-US\",\"@id\":\"https:\\\/\\\/www.hotel-baia.it\\\/spiaggia-2\\\/#primaryimage\",\"url\":\"https:\\\/\\\/www.hotel-baia.it\\\/wp-content\\\/uploads\\\/2021\\\/05\\\/WhatsApp-Image-2021-05-17-at-17.27.44.jpeg\",\"contentUrl\":\"https:\\\/\\\/www.hotel-baia.it\\\/wp-content\\\/uploads\\\/2021\\\/05\\\/WhatsApp-Image-2021-05-17-at-17.27.44.jpeg\"},{\"@type\":\"BreadcrumbList\",\"@id\":\"https:\\\/\\\/www.hotel-baia.it\\\/spiaggia-2\\\/#breadcrumb\",\"itemListElement\":[{\"@type\":\"ListItem\",\"position\":1,\"name\":\"Home\",\"item\":\"https:\\\/\\\/www.hotel-baia.it\\\/\"},{\"@type\":\"ListItem\",\"position\":2,\"name\":\"Spiaggia\"}]},{\"@type\":\"WebSite\",\"@id\":\"https:\\\/\\\/www.hotel-baia.it\\\/#website\",\"url\":\"https:\\\/\\\/www.hotel-baia.it\\\/\",\"name\":\"Hotel Baia Palinuro\",\"description\":\"Hotel 4 stelle Palinuro\",\"publisher\":{\"@id\":\"https:\\\/\\\/www.hotel-baia.it\\\/#organization\"},\"potentialAction\":[{\"@type\":\"SearchAction\",\"target\":{\"@type\":\"EntryPoint\",\"urlTemplate\":\"https:\\\/\\\/www.hotel-baia.it\\\/?s={search_term_string}\"},\"query-input\":{\"@type\":\"PropertyValueSpecification\",\"valueRequired\":true,\"valueName\":\"search_term_string\"}}],\"inLanguage\":\"en-US\"},{\"@type\":\"Organization\",\"@id\":\"https:\\\/\\\/www.hotel-baia.it\\\/#organization\",\"name\":\"Hotel Baia - Palinuro\",\"url\":\"https:\\\/\\\/www.hotel-baia.it\\\/\",\"logo\":{\"@type\":\"ImageObject\",\"inLanguage\":\"en-US\",\"@id\":\"https:\\\/\\\/www.hotel-baia.it\\\/#\\\/schema\\\/logo\\\/image\\\/\",\"url\":\"https:\\\/\\\/www.hotel-baia.it\\\/wp-content\\\/uploads\\\/2021\\\/03\\\/Logo-Baia-Hotel-Palinuro.png\",\"contentUrl\":\"https:\\\/\\\/www.hotel-baia.it\\\/wp-content\\\/uploads\\\/2021\\\/03\\\/Logo-Baia-Hotel-Palinuro.png\",\"width\":800,\"height\":255,\"caption\":\"Hotel Baia - Palinuro\"},\"image\":{\"@id\":\"https:\\\/\\\/www.hotel-baia.it\\\/#\\\/schema\\\/logo\\\/image\\\/\"}}]}<\/script>\n<!-- \/ Yoast SEO plugin. -->","yoast_head_json":{"title":"Spiaggia - Hotel Baia Palinuro","robots":{"index":"index","follow":"follow","max-snippet":"max-snippet:-1","max-image-preview":"max-image-preview:large","max-video-preview":"max-video-preview:-1"},"canonical":"https:\/\/www.hotel-baia.it\/spiaggia-2\/","og_locale":"en_US","og_type":"article","og_title":"Spiaggia - Hotel Baia Palinuro","og_description":"Risplende sotto il sole della famosissima spiaggia delle Saline, nell\u2019area del Parco Nazionale del Cilento e del Vallo di Diano: Palinuro, da sempre meta ambita da turisti italiani e stranieri. La spiaggia lunghissima e dalla sabbia bianca e finissima \u00e8 a ridosso del mare cristallino della bellissima spiaggia delle Saline. Dalle prime ore della giornata [&hellip;]","og_url":"https:\/\/www.hotel-baia.it\/spiaggia-2\/","og_site_name":"Hotel Baia Palinuro","article_modified_time":"2021-07-04T12:20:56+00:00","og_image":[{"url":"https:\/\/www.hotel-baia.it\/wp-content\/uploads\/2021\/05\/WhatsApp-Image-2021-05-17-at-17.27.44.jpeg","type":"","width":"","height":""}],"twitter_card":"summary_large_image","twitter_misc":{"Est. reading time":"2 minutes"},"schema":{"@context":"https:\/\/schema.org","@graph":[{"@type":"WebPage","@id":"https:\/\/www.hotel-baia.it\/spiaggia-2\/","url":"https:\/\/www.hotel-baia.it\/spiaggia-2\/","name":"Spiaggia - Hotel Baia Palinuro","isPartOf":{"@id":"https:\/\/www.hotel-baia.it\/#website"},"primaryImageOfPage":{"@id":"https:\/\/www.hotel-baia.it\/spiaggia-2\/#primaryimage"},"image":{"@id":"https:\/\/www.hotel-baia.it\/spiaggia-2\/#primaryimage"},"thumbnailUrl":"https:\/\/www.hotel-baia.it\/wp-content\/uploads\/2021\/05\/WhatsApp-Image-2021-05-17-at-17.27.44.jpeg","datePublished":"2021-05-17T14:38:06+00:00","dateModified":"2021-07-04T12:20:56+00:00","breadcrumb":{"@id":"https:\/\/www.hotel-baia.it\/spiaggia-2\/#breadcrumb"},"inLanguage":"en-US","potentialAction":[{"@type":"ReadAction","target":["https:\/\/www.hotel-baia.it\/spiaggia-2\/"]}]},{"@type":"ImageObject","inLanguage":"en-US","@id":"https:\/\/www.hotel-baia.it\/spiaggia-2\/#primaryimage","url":"https:\/\/www.hotel-baia.it\/wp-content\/uploads\/2021\/05\/WhatsApp-Image-2021-05-17-at-17.27.44.jpeg","contentUrl":"https:\/\/www.hotel-baia.it\/wp-content\/uploads\/2021\/05\/WhatsApp-Image-2021-05-17-at-17.27.44.jpeg"},{"@type":"BreadcrumbList","@id":"https:\/\/www.hotel-baia.it\/spiaggia-2\/#breadcrumb","itemListElement":[{"@type":"ListItem","position":1,"name":"Home","item":"https:\/\/www.hotel-baia.it\/"},{"@type":"ListItem","position":2,"name":"Spiaggia"}]},{"@type":"WebSite","@id":"https:\/\/www.hotel-baia.it\/#website","url":"https:\/\/www.hotel-baia.it\/","name":"Hotel Baia Palinuro","description":"Hotel 4 stelle Palinuro","publisher":{"@id":"https:\/\/www.hotel-baia.it\/#organization"},"potentialAction":[{"@type":"SearchAction","target":{"@type":"EntryPoint","urlTemplate":"https:\/\/www.hotel-baia.it\/?s={search_term_string}"},"query-input":{"@type":"PropertyValueSpecification","valueRequired":true,"valueName":"search_term_string"}}],"inLanguage":"en-US"},{"@type":"Organization","@id":"https:\/\/www.hotel-baia.it\/#organization","name":"Hotel Baia - Palinuro","url":"https:\/\/www.hotel-baia.it\/","logo":{"@type":"ImageObject","inLanguage":"en-US","@id":"https:\/\/www.hotel-baia.it\/#\/schema\/logo\/image\/","url":"https:\/\/www.hotel-baia.it\/wp-content\/uploads\/2021\/03\/Logo-Baia-Hotel-Palinuro.png","contentUrl":"https:\/\/www.hotel-baia.it\/wp-content\/uploads\/2021\/03\/Logo-Baia-Hotel-Palinuro.png","width":800,"height":255,"caption":"Hotel Baia - Palinuro"},"image":{"@id":"https:\/\/www.hotel-baia.it\/#\/schema\/logo\/image\/"}}]}},"_links":{"self":[{"href":"https:\/\/www.hotel-baia.it\/en\/wp-json\/wp\/v2\/pages\/3590","targetHints":{"allow":["GET"]}}],"collection":[{"href":"https:\/\/www.hotel-baia.it\/en\/wp-json\/wp\/v2\/pages"}],"about":[{"href":"https:\/\/www.hotel-baia.it\/en\/wp-json\/wp\/v2\/types\/page"}],"author":[{"embeddable":true,"href":"https:\/\/www.hotel-baia.it\/en\/wp-json\/wp\/v2\/users\/4"}],"replies":[{"embeddable":true,"href":"https:\/\/www.hotel-baia.it\/en\/wp-json\/wp\/v2\/comments?post=3590"}],"version-history":[{"count":23,"href":"https:\/\/www.hotel-baia.it\/en\/wp-json\/wp\/v2\/pages\/3590\/revisions"}],"predecessor-version":[{"id":3682,"href":"https:\/\/www.hotel-baia.it\/en\/wp-json\/wp\/v2\/pages\/3590\/revisions\/3682"}],"wp:attachment":[{"href":"https:\/\/www.hotel-baia.it\/en\/wp-json\/wp\/v2\/media?parent=3590"}],"curies":[{"name":"wp","href":"https:\/\/api.w.org\/{rel}","templated":true}]}}