{"id":3065,"date":"2021-02-15T09:50:23","date_gmt":"2021-02-15T09:50:23","guid":{"rendered":"https:\/\/www.hotel-baia.it\/?page_id=3065"},"modified":"2021-07-04T12:27:07","modified_gmt":"2021-07-04T12:27:07","slug":"privacy-policy-2","status":"publish","type":"page","link":"https:\/\/www.hotel-baia.it\/en\/privacy-policy-2\/","title":{"rendered":"(Italiano) Privacy Policy"},"content":{"rendered":"\t\t<div data-elementor-type=\"wp-page\" data-elementor-id=\"3065\" class=\"elementor elementor-3065\" data-elementor-settings=\"{&quot;ha_cmc_init_switcher&quot;:&quot;no&quot;}\" data-elementor-post-type=\"page\">\n\t\t\t\t\t\t<section class=\"elementor-section elementor-top-section elementor-element elementor-element-8015ad8 elementor-section-full_width elementor-section-height-min-height elementor-section-height-default elementor-section-items-middle\" data-id=\"8015ad8\" data-element_type=\"section\" data-e-type=\"section\" data-settings=\"{&quot;background_background&quot;:&quot;classic&quot;,&quot;_ha_eqh_enable&quot;:false}\">\n\t\t\t\t\t\t<div class=\"elementor-container elementor-column-gap-default\">\n\t\t\t\t\t<div class=\"elementor-column elementor-col-100 elementor-top-column elementor-element elementor-element-f7d3435\" data-id=\"f7d3435\" data-element_type=\"column\" data-e-type=\"column\">\n\t\t\t<div class=\"elementor-widget-wrap\">\n\t\t\t\t\t\t\t<\/div>\n\t\t<\/div>\n\t\t\t\t\t<\/div>\n\t\t<\/section>\n\t\t\t\t<section class=\"elementor-section elementor-top-section elementor-element elementor-element-aa5271c elementor-section-boxed elementor-section-height-default elementor-section-height-default\" data-id=\"aa5271c\" data-element_type=\"section\" data-e-type=\"section\" data-settings=\"{&quot;_ha_eqh_enable&quot;:false}\">\n\t\t\t\t\t\t<div class=\"elementor-container elementor-column-gap-default\">\n\t\t\t\t\t<div class=\"elementor-column elementor-col-100 elementor-top-column elementor-element elementor-element-f97b6a1\" data-id=\"f97b6a1\" data-element_type=\"column\" data-e-type=\"column\">\n\t\t\t<div class=\"elementor-widget-wrap elementor-element-populated\">\n\t\t\t\t\t\t<div class=\"elementor-element elementor-element-9335106 elementor-widget elementor-widget-spacer\" data-id=\"9335106\" data-element_type=\"widget\" data-e-type=\"widget\" data-widget_type=\"spacer.default\">\n\t\t\t\t<div class=\"elementor-widget-container\">\n\t\t\t\t\t\t\t<div class=\"elementor-spacer\">\n\t\t\t<div class=\"elementor-spacer-inner\"><\/div>\n\t\t<\/div>\n\t\t\t\t\t\t<\/div>\n\t\t\t\t<\/div>\n\t\t\t\t<div class=\"elementor-element elementor-element-3c7f1cb elementor-widget elementor-widget-heading\" data-id=\"3c7f1cb\" data-element_type=\"widget\" data-e-type=\"widget\" data-widget_type=\"heading.default\">\n\t\t\t\t<div class=\"elementor-widget-container\">\n\t\t\t\t\t<h2 class=\"elementor-heading-title elementor-size-default\">Privacy Policy<\/h2>\t\t\t\t<\/div>\n\t\t\t\t<\/div>\n\t\t\t\t<div class=\"elementor-element elementor-element-0017b5d elementor-widget elementor-widget-text-editor\" data-id=\"0017b5d\" data-element_type=\"widget\" data-e-type=\"widget\" data-widget_type=\"text-editor.default\">\n\t\t\t\t<div class=\"elementor-widget-container\">\n\t\t\t\t\t\t\t\t\t<p style=\"text-align: center;\">Gentile Utente,<br \/>in questa pagina troverai le informazioni relative alle modalit\u00e0 di gestione dei tuoi dati personali attraverso il nostro sito.<\/p><p style=\"text-align: center;\">Forniamo questa informativa non solo per adempiere agli obblighi di legge in materia di protezione dei dati personali previsti dal Regolamento (UE) 2016\/679 o \u201cRegolamento\u201d, ma anche perch\u00e9 crediamo che la tutela dei dati personali sia un valore fondamentale della nostra attivit\u00e0 di impresa e vogliamo fornirti ogni informazione che possa aiutarti a tutelare la tua privacy e a controllare l\u2019utilizzo che viene fatto dei tuoi dati in relazione all\u2019esperienza di navigazione sul nostro sito.<\/p><p style=\"text-align: center;\"><strong>Informazioni sui trattamenti dei dati personali<\/strong><\/p><p style=\"text-align: center;\">Quando visiti, consulti o utilizzi i servizi disponibili su questo sito possiamo trattare i seguenti dati personali (cio\u00e8 dati relativi a persone identificate o identificabili).\u00a0\u00a0Per ciascuna tipologia di dato troverai le informazioni relative alla finalit\u00e0 del trattamento, alla natura obbligatoria o meno, alle modalit\u00e0 e al luogo di trattamento, alla base giuridica del trattamento, nonch\u00e9 dei soggetti a cui i dati possono essere comunicati e il relativo periodo di conservazione.<\/p><p style=\"text-align: center;\"><strong>Diritti degli interessati<\/strong><\/p><p style=\"text-align: center;\">Potrai accedere in qualunque momento e gratuitamente ai tuoi dati, ricevere i tuoi dati personali elettronici in un formato strutturato e comunemente utilizzato leggibile meccanicamente e chiederci di trasmetterli a un altro titolare del trattamento (portabilit\u00e0 dei dati), nonch\u00e9 farli correggere, aggiornare, modificare o eliminare (fatte salve le eventuali eccezioni applicabili). Ti informiamo che le richieste di cancellazione dei dati sono subordinate agli obblighi vigenti di legge e di conservazione dei documenti che ci sono imposti da norme di legge o regolamentari.<\/p><p style=\"text-align: center;\">Laddove il trattamento dei tuoi dati si basa sul consenso, hai il diritto di revocare il consenso, in qualsiasi momento. Pertanto, hai sempre il diritto di opporti all\u2019invio di newsletter e al trattamento dei dati per tutte o solo alcune delle finalit\u00e0 di marketing o commerciali. Nel contattarci, dovrai accertarti di includere il proprio nome, indirizzo email, indirizzo postale e\/o numero\/i di telefono per essere sicuro che possiamo gestire correttamente la tua richiesta.<\/p><p style=\"text-align: center;\">Qualora ritenessi che vi sia un problema nelle modalit\u00e0 di gestione dei dati personali, avrai il diritto di presentare una denuncia presso l\u2019autorit\u00e0 per la protezione dei dati personali nazionale o di qualunque altro paese dell\u2019UE o dello SEE.<\/p>\t\t\t\t\t\t\t\t<\/div>\n\t\t\t\t<\/div>\n\t\t\t\t<div class=\"elementor-element elementor-element-1fbc7f7 elementor-widget elementor-widget-spacer\" data-id=\"1fbc7f7\" data-element_type=\"widget\" data-e-type=\"widget\" data-widget_type=\"spacer.default\">\n\t\t\t\t<div class=\"elementor-widget-container\">\n\t\t\t\t\t\t\t<div class=\"elementor-spacer\">\n\t\t\t<div class=\"elementor-spacer-inner\"><\/div>\n\t\t<\/div>\n\t\t\t\t\t\t<\/div>\n\t\t\t\t<\/div>\n\t\t\t\t\t<\/div>\n\t\t<\/div>\n\t\t\t\t\t<\/div>\n\t\t<\/section>\n\t\t\t\t<\/div>\n\t\t","protected":false},"excerpt":{"rendered":"<p>Privacy Policy Gentile Utente,in questa pagina troverai le informazioni relative alle modalit\u00e0 di gestione dei tuoi dati personali attraverso il nostro sito. Forniamo questa informativa non solo per adempiere agli obblighi di legge in materia di protezione dei dati personali previsti dal Regolamento (UE) 2016\/679 o \u201cRegolamento\u201d, ma anche perch\u00e9 crediamo che la tutela dei [&hellip;]<\/p>\n","protected":false},"author":4,"featured_media":0,"parent":0,"menu_order":0,"comment_status":"closed","ping_status":"closed","template":"elementor_header_footer","meta":{"ngg_post_thumbnail":0,"footnotes":""},"class_list":["post-3065","page","type-page","status-publish","hentry"],"yoast_head":"<!-- This site is optimized with the Yoast SEO plugin v27.5 - https:\/\/yoast.com\/product\/yoast-seo-wordpress\/ -->\n<title><\/title>\n<meta name=\"robots\" content=\"index, follow, max-snippet:-1, max-image-preview:large, max-video-preview:-1\" \/>\n<link rel=\"canonical\" href=\"https:\/\/www.hotel-baia.it\/privacy-policy-2\/\" \/>\n<meta property=\"og:locale\" content=\"en_US\" \/>\n<meta property=\"og:type\" content=\"article\" \/>\n<meta property=\"og:title\" content=\"[:it]Privacy Policy[:] - Hotel Baia Palinuro\" \/>\n<meta property=\"og:description\" content=\"Privacy Policy Gentile Utente,in questa pagina troverai le informazioni relative alle modalit\u00e0 di gestione dei tuoi dati personali attraverso il nostro sito. Forniamo questa informativa non solo per adempiere agli obblighi di legge in materia di protezione dei dati personali previsti dal Regolamento (UE) 2016\/679 o \u201cRegolamento\u201d, ma anche perch\u00e9 crediamo che la tutela dei [&hellip;]\" \/>\n<meta property=\"og:url\" content=\"https:\/\/www.hotel-baia.it\/privacy-policy-2\/\" \/>\n<meta property=\"og:site_name\" content=\"Hotel Baia Palinuro\" \/>\n<meta property=\"article:modified_time\" content=\"2021-07-04T12:27:07+00:00\" \/>\n<meta name=\"twitter:card\" content=\"summary_large_image\" \/>\n<meta name=\"twitter:label1\" content=\"Est. reading time\" \/>\n\t<meta name=\"twitter:data1\" content=\"2 minutes\" \/>\n<script type=\"application\/ld+json\" class=\"yoast-schema-graph\">{\"@context\":\"https:\\\/\\\/schema.org\",\"@graph\":[{\"@type\":\"WebPage\",\"@id\":\"https:\\\/\\\/www.hotel-baia.it\\\/privacy-policy-2\\\/\",\"url\":\"https:\\\/\\\/www.hotel-baia.it\\\/privacy-policy-2\\\/\",\"name\":\"[:it]Privacy Policy[:] - Hotel Baia Palinuro\",\"isPartOf\":{\"@id\":\"https:\\\/\\\/www.hotel-baia.it\\\/#website\"},\"datePublished\":\"2021-02-15T09:50:23+00:00\",\"dateModified\":\"2021-07-04T12:27:07+00:00\",\"breadcrumb\":{\"@id\":\"https:\\\/\\\/www.hotel-baia.it\\\/privacy-policy-2\\\/#breadcrumb\"},\"inLanguage\":\"en-US\",\"potentialAction\":[{\"@type\":\"ReadAction\",\"target\":[\"https:\\\/\\\/www.hotel-baia.it\\\/privacy-policy-2\\\/\"]}]},{\"@type\":\"BreadcrumbList\",\"@id\":\"https:\\\/\\\/www.hotel-baia.it\\\/privacy-policy-2\\\/#breadcrumb\",\"itemListElement\":[{\"@type\":\"ListItem\",\"position\":1,\"name\":\"Home\",\"item\":\"https:\\\/\\\/www.hotel-baia.it\\\/\"},{\"@type\":\"ListItem\",\"position\":2,\"name\":\"Privacy Policy\"}]},{\"@type\":\"WebSite\",\"@id\":\"https:\\\/\\\/www.hotel-baia.it\\\/#website\",\"url\":\"https:\\\/\\\/www.hotel-baia.it\\\/\",\"name\":\"Hotel Baia Palinuro\",\"description\":\"Hotel 4 stelle Palinuro\",\"publisher\":{\"@id\":\"https:\\\/\\\/www.hotel-baia.it\\\/#organization\"},\"potentialAction\":[{\"@type\":\"SearchAction\",\"target\":{\"@type\":\"EntryPoint\",\"urlTemplate\":\"https:\\\/\\\/www.hotel-baia.it\\\/?s={search_term_string}\"},\"query-input\":{\"@type\":\"PropertyValueSpecification\",\"valueRequired\":true,\"valueName\":\"search_term_string\"}}],\"inLanguage\":\"en-US\"},{\"@type\":\"Organization\",\"@id\":\"https:\\\/\\\/www.hotel-baia.it\\\/#organization\",\"name\":\"Hotel Baia - Palinuro\",\"url\":\"https:\\\/\\\/www.hotel-baia.it\\\/\",\"logo\":{\"@type\":\"ImageObject\",\"inLanguage\":\"en-US\",\"@id\":\"https:\\\/\\\/www.hotel-baia.it\\\/#\\\/schema\\\/logo\\\/image\\\/\",\"url\":\"https:\\\/\\\/www.hotel-baia.it\\\/wp-content\\\/uploads\\\/2021\\\/03\\\/Logo-Baia-Hotel-Palinuro.png\",\"contentUrl\":\"https:\\\/\\\/www.hotel-baia.it\\\/wp-content\\\/uploads\\\/2021\\\/03\\\/Logo-Baia-Hotel-Palinuro.png\",\"width\":800,\"height\":255,\"caption\":\"Hotel Baia - Palinuro\"},\"image\":{\"@id\":\"https:\\\/\\\/www.hotel-baia.it\\\/#\\\/schema\\\/logo\\\/image\\\/\"}}]}<\/script>\n<!-- \/ Yoast SEO plugin. -->","yoast_head_json":{"title":"[:it]Privacy Policy[:] - Hotel Baia Palinuro","robots":{"index":"index","follow":"follow","max-snippet":"max-snippet:-1","max-image-preview":"max-image-preview:large","max-video-preview":"max-video-preview:-1"},"canonical":"https:\/\/www.hotel-baia.it\/privacy-policy-2\/","og_locale":"en_US","og_type":"article","og_title":"[:it]Privacy Policy[:] - Hotel Baia Palinuro","og_description":"Privacy Policy Gentile Utente,in questa pagina troverai le informazioni relative alle modalit\u00e0 di gestione dei tuoi dati personali attraverso il nostro sito. Forniamo questa informativa non solo per adempiere agli obblighi di legge in materia di protezione dei dati personali previsti dal Regolamento (UE) 2016\/679 o \u201cRegolamento\u201d, ma anche perch\u00e9 crediamo che la tutela dei [&hellip;]","og_url":"https:\/\/www.hotel-baia.it\/privacy-policy-2\/","og_site_name":"Hotel Baia Palinuro","article_modified_time":"2021-07-04T12:27:07+00:00","twitter_card":"summary_large_image","twitter_misc":{"Est. reading time":"2 minutes"},"schema":{"@context":"https:\/\/schema.org","@graph":[{"@type":"WebPage","@id":"https:\/\/www.hotel-baia.it\/privacy-policy-2\/","url":"https:\/\/www.hotel-baia.it\/privacy-policy-2\/","name":"[:it]Privacy Policy[:] - Hotel Baia Palinuro","isPartOf":{"@id":"https:\/\/www.hotel-baia.it\/#website"},"datePublished":"2021-02-15T09:50:23+00:00","dateModified":"2021-07-04T12:27:07+00:00","breadcrumb":{"@id":"https:\/\/www.hotel-baia.it\/privacy-policy-2\/#breadcrumb"},"inLanguage":"en-US","potentialAction":[{"@type":"ReadAction","target":["https:\/\/www.hotel-baia.it\/privacy-policy-2\/"]}]},{"@type":"BreadcrumbList","@id":"https:\/\/www.hotel-baia.it\/privacy-policy-2\/#breadcrumb","itemListElement":[{"@type":"ListItem","position":1,"name":"Home","item":"https:\/\/www.hotel-baia.it\/"},{"@type":"ListItem","position":2,"name":"Privacy Policy"}]},{"@type":"WebSite","@id":"https:\/\/www.hotel-baia.it\/#website","url":"https:\/\/www.hotel-baia.it\/","name":"Hotel Baia Palinuro","description":"Hotel 4 stelle Palinuro","publisher":{"@id":"https:\/\/www.hotel-baia.it\/#organization"},"potentialAction":[{"@type":"SearchAction","target":{"@type":"EntryPoint","urlTemplate":"https:\/\/www.hotel-baia.it\/?s={search_term_string}"},"query-input":{"@type":"PropertyValueSpecification","valueRequired":true,"valueName":"search_term_string"}}],"inLanguage":"en-US"},{"@type":"Organization","@id":"https:\/\/www.hotel-baia.it\/#organization","name":"Hotel Baia - Palinuro","url":"https:\/\/www.hotel-baia.it\/","logo":{"@type":"ImageObject","inLanguage":"en-US","@id":"https:\/\/www.hotel-baia.it\/#\/schema\/logo\/image\/","url":"https:\/\/www.hotel-baia.it\/wp-content\/uploads\/2021\/03\/Logo-Baia-Hotel-Palinuro.png","contentUrl":"https:\/\/www.hotel-baia.it\/wp-content\/uploads\/2021\/03\/Logo-Baia-Hotel-Palinuro.png","width":800,"height":255,"caption":"Hotel Baia - Palinuro"},"image":{"@id":"https:\/\/www.hotel-baia.it\/#\/schema\/logo\/image\/"}}]}},"_links":{"self":[{"href":"https:\/\/www.hotel-baia.it\/en\/wp-json\/wp\/v2\/pages\/3065","targetHints":{"allow":["GET"]}}],"collection":[{"href":"https:\/\/www.hotel-baia.it\/en\/wp-json\/wp\/v2\/pages"}],"about":[{"href":"https:\/\/www.hotel-baia.it\/en\/wp-json\/wp\/v2\/types\/page"}],"author":[{"embeddable":true,"href":"https:\/\/www.hotel-baia.it\/en\/wp-json\/wp\/v2\/users\/4"}],"replies":[{"embeddable":true,"href":"https:\/\/www.hotel-baia.it\/en\/wp-json\/wp\/v2\/comments?post=3065"}],"version-history":[{"count":5,"href":"https:\/\/www.hotel-baia.it\/en\/wp-json\/wp\/v2\/pages\/3065\/revisions"}],"predecessor-version":[{"id":3686,"href":"https:\/\/www.hotel-baia.it\/en\/wp-json\/wp\/v2\/pages\/3065\/revisions\/3686"}],"wp:attachment":[{"href":"https:\/\/www.hotel-baia.it\/en\/wp-json\/wp\/v2\/media?parent=3065"}],"curies":[{"name":"wp","href":"https:\/\/api.w.org\/{rel}","templated":true}]}}